{"id":123,"date":"2017-04-26T13:48:04","date_gmt":"2017-04-26T11:48:04","guid":{"rendered":"https:\/\/atcold.at\/talsperrensymposium-2024\/?page_id=123"},"modified":"2024-02-19T12:33:05","modified_gmt":"2024-02-19T11:33:05","slug":"startseite_","status":"publish","type":"page","link":"https:\/\/atcold.at\/talsperrensymposium-2024\/startseite_\/","title":{"rendered":"Einladung und Willkommen zum ATCOLD Talsperrensymposium 2024 in Salzburg!"},"content":{"rendered":"<figure id=\"attachment_272\" aria-describedby=\"caption-attachment-272\" style=\"width: 120px\" class=\"wp-caption alignleft\"><img loading=\"lazy\" decoding=\"async\" class=\"wp-image-272 size-full\" src=\"https:\/\/atcold.at\/talsperrensymposium-2024\/wp-content\/uploads\/2017\/05\/zenz.jpg\" alt=\"\" width=\"120\" height=\"160\" \/><figcaption id=\"caption-attachment-272\" class=\"wp-caption-text\">Prof. Gerald Zenz; Institut f\u00fcr Wasserbau und Wasserwirtschaft; Foto Furgler \/ Verwendung frei f\u00fcr die Berichterstattung \u00fcber die TU Graz unter Nennung des Copyrights.<\/figcaption><\/figure>\n<p>Im Namen des \u00d6sterreichischen Nationalkomitees f\u00fcr Talsperren (ATCOLD) lade ich Sie herzlich zum ATCOLD Talsperrensymposium 2024 ein. Am Symposium wird die Philosophie mit der praktischen Umsetzung der Talsperrensicherheit in \u00d6sterreich beleuchtet und dabei der Wissens- und Erfahrungsaustausch gef\u00f6rdert.<br \/>\nUm den weltweiten Austausch des Wissens \u00fcber die Planung, den Bau und den Betrieb zu f\u00f6rdern, sowie zur Minimierung von Risken beizutragen, ist<br \/>\nATCOLD Mitglied in der \u201eInternational Commission on Large Dams\u201c (ICOLD) und tr\u00e4gt so auch mit \u00f6sterreichischem Know-how in internationalen Arbeitsgruppen und Gremien bei. Es ist wichtig, f\u00fcr die Sicherheit unserer bedeutenden Infrastruktur einen Beitrag zu leisten. Durch best\u00e4ndiges Lernen, Verstehen und Vermitteln von Spezialwissen sowie Abfassen von Regelwerken stellt sich unsere Gemeinschaft der Verantwortung f\u00fcr eine nachhaltige Wasser- und erneuerbare Energienutzung.<br \/>\nHerzlichen Dank gilt den Vortragenden, mit dem Wunsch an alle Teilnehmenden zu anregenden Diskussionen beizutragen, und die reizvolle Atmosph\u00e4re der Stadt Salzburg zu w\u00fcrdigen.<\/p>\n<p>Gl\u00fcck Auf<\/p>\n<p><img loading=\"lazy\" decoding=\"async\" class=\"wp-image-611 alignnone\" src=\"https:\/\/atcold.at\/talsperrensymposium-2024\/wp-content\/uploads\/2018\/03\/ZENZ.png\" alt=\"\" width=\"211\" height=\"80\" \/><\/p>\n<p>Gerald Zenz<br \/>\nATCOLD Obmann<br \/>\nVorstand des Instituts f\u00fcr Wasserbau und Wasserwirtschaft, TU Graz<\/p>\n","protected":false},"excerpt":{"rendered":"<p>Im Namen des \u00d6sterreichischen Nationalkomitees f\u00fcr Talsperren (ATCOLD) lade ich Sie herzlich zum ATCOLD Talsperrensymposium 2024 ein. Am Symposium wird die Philosophie mit der praktischen Umsetzung der Talsperrensicherheit in \u00d6sterreich beleuchtet und dabei der Wissens- und Erfahrungsaustausch gef\u00f6rdert. Um den weltweiten Austausch des Wissens \u00fcber die Planung, den Bau und den Betrieb zu f\u00f6rdern, sowie &hellip; <\/p>\n<p class=\"link-more\"><a href=\"https:\/\/atcold.at\/talsperrensymposium-2024\/startseite_\/\" class=\"more-link\"><span class=\"screen-reader-text\">\u201eEinladung und Willkommen zum ATCOLD Talsperrensymposium 2024 in Salzburg!\u201c<\/span> weiterlesen<\/a><\/p>\n","protected":false},"author":1,"featured_media":0,"parent":0,"menu_order":0,"comment_status":"closed","ping_status":"closed","template":"","meta":{"footnotes":""},"class_list":["post-123","page","type-page","status-publish","hentry"],"_links":{"self":[{"href":"https:\/\/atcold.at\/talsperrensymposium-2024\/wp-json\/wp\/v2\/pages\/123","targetHints":{"allow":["GET"]}}],"collection":[{"href":"https:\/\/atcold.at\/talsperrensymposium-2024\/wp-json\/wp\/v2\/pages"}],"about":[{"href":"https:\/\/atcold.at\/talsperrensymposium-2024\/wp-json\/wp\/v2\/types\/page"}],"author":[{"embeddable":true,"href":"https:\/\/atcold.at\/talsperrensymposium-2024\/wp-json\/wp\/v2\/users\/1"}],"replies":[{"embeddable":true,"href":"https:\/\/atcold.at\/talsperrensymposium-2024\/wp-json\/wp\/v2\/comments?post=123"}],"version-history":[{"count":72,"href":"https:\/\/atcold.at\/talsperrensymposium-2024\/wp-json\/wp\/v2\/pages\/123\/revisions"}],"predecessor-version":[{"id":1177,"href":"https:\/\/atcold.at\/talsperrensymposium-2024\/wp-json\/wp\/v2\/pages\/123\/revisions\/1177"}],"wp:attachment":[{"href":"https:\/\/atcold.at\/talsperrensymposium-2024\/wp-json\/wp\/v2\/media?parent=123"}],"curies":[{"name":"wp","href":"https:\/\/api.w.org\/{rel}","templated":true}]}}