{"id":1170,"date":"2024-02-19T12:01:17","date_gmt":"2024-02-19T11:01:17","guid":{"rendered":"https:\/\/atcold.at\/talsperrensymposium-2024\/?page_id=1170"},"modified":"2024-05-13T17:46:57","modified_gmt":"2024-05-13T15:46:57","slug":"technische-austellung","status":"publish","type":"page","link":"https:\/\/atcold.at\/talsperrensymposium-2024\/technische-austellung\/","title":{"rendered":"TECHNISCHE AUSSTELLUNG"},"content":{"rendered":"<h2 class=\"text-center text-uppercase\"><span style=\"color: #81b3b2;\">AUSSTELLERINFORMATION<\/span><\/h2>\n<p>Die begleitende Ausstellung findet vom 22. bis 23. Mai 2024 statt.<\/p>\n<p>Unternehmen haben hier die M\u00f6glichkeit, sich in der Ausstellung gezielt der Fachwelt zu pr\u00e4sentieren. So lassen sich unmittelbare Kontakte zwischen Ausstellern und Besuchern kn\u00fcpfen, neue Ideen entwickeln und direkt neue Kunden akquirieren. Um dieses Ziel zu erreichen, wurde der Catering Bereich bewusst in den Ausstellungsbereich eingebunden.<br \/>Frei nach dem Motto: <span style=\"color: #7fb3b2;\"><em><strong>&#8220; Beim Essen und beim Reden kommen die Leut\u00b4 zam!&#8220;<\/strong><\/em><\/span><\/p>\n<p>Bei Fragen k\u00f6nnen Sie gern jederzeit unser Sekretariat kontaktieren:<\/p>\n<p><a href=\"mailto:secretary@atcold.at\">secretary@atcold.at<\/a><\/p>\n<h2><span style=\"color: #81b3b2;\">AUSSTELLUNGSORT<\/span><\/h2>\n<p>Salzburg Congress<\/p>\n<p>Auerspergstra\u00dfe 6 (=Lieferadresse)<br \/>5020 Salzburg<br \/>Austria<\/p>\n<p>(Haupteingang: Mirabellplatz)<\/p>\n<h2 class=\"text-center text-uppercase\"><span style=\"color: #81b3b2;\">PREISGESTALTUNG<\/span><\/h2>\n<p>Die einzelnen Standfl\u00e4chen wurden so gew\u00e4hlt, dass ein Maximum an Kommunikation gelebt werden kann und Sie als Aussteller den gr\u00f6\u00dftm\u00f6glichen Benefit aus der Veranstaltung generieren k\u00f6nnen. Der Einfachheit gibt es nur eine einzige Kategorie, welche zu folgendem Preis gebucht werden kann:<\/p>\n<ul>\n<li><strong>Universalkategorie:\u00a0 \u20ac 320,-\/m\u00b2<\/strong> (die Anordnung der Ausstellerst\u00e4nde finden Sie in der folgenden Grafik. Die Ausstellung befindet sich direkt vor dem Eingangsbereich zum Karajan Saal im\u00a0 1. Stock. Bitte beachten Sie die Legende in der Darstellung, welche Aufschluss \u00fcber die Verf\u00fcgbarkeit gibt.<\/li>\n<\/ul>\n<p><strong>Die Stand in der Universalkategorie kann als beinahe all inklusive Stand mit einer Gr\u00f6\u00dfe von 9m\u00b2 betrachtet werden. Inbegriffen sind:<\/strong><\/p>\n<ul>\n<li>\u00a0Standfl\u00e4chen und W\u00e4nde<\/li>\n<li>1 Tisch und 3 St\u00fchle<\/li>\n<li>1 elektrischer Anschluss (3fach Steckdose)<\/li>\n<li>Eine einfache Standbeschriftung (Firmenname in s\/w ohne Logo und Standnummer)<\/li>\n<li>1 Eintrittskarte f\u00fcr den Vortragsraum &#8211; Karajan Saal &#8211; auf den Firmennamen ausgestellt &#8211; nur vom Standpersonal nutzbar<\/li>\n<li>Eine Tagungstasche mit dem Tagungsband (Full paper der eingeladenen Vortr\u00e4ge)<\/li>\n<li>2 Standbetreuungskarten (Zutritt nur zur Ausstellung)<\/li>\n<li>Teilnahme f\u00fcr zwei Personen des Standpersonals am Festabend im Sternbr\u00e4u.<\/li>\n<li>Mittagsbuffet f\u00fcr das Standpersonal f\u00fcr 2 Tage<\/li>\n<li>Positionierung des Firmenlogos auf der Ausstellerseite des Symposiums.<\/li>\n<\/ul>\n<p>Weiteres Mobiliar und Catering etc. kann zus\u00e4tzlich gebucht werden. Bitte beachten Sie, dass das Kongresshaus einen Catering-Exklusivvertrag mit dem Hotel Sheraton hat und dieser einzuhalten ist.<\/p>\n<h2><span style=\"color: #81b3b2;\">STAND\u00dcBERSICHT<\/span><\/h2>\n<p>Wenn Sie die \u00dcbersicht in der Gesamtheit aus druckf\u00e4higes PDF haben wollen, klicken Sie einfach auf die folgende Grafik.<\/p>\n<p><a href=\"https:\/\/atcold.at\/talsperrensymposium-2024\/wp-content\/uploads\/2024\/05\/Stand-Uebersicht-1.pdf\" target=\"_blank\" rel=\"noopener\"><img loading=\"lazy\" decoding=\"async\" class=\"aligncenter wp-image-1465\" src=\"https:\/\/atcold.at\/talsperrensymposium-2024\/wp-content\/uploads\/2024\/05\/Stand-Uebersicht-1.png\" alt=\"\" width=\"3312\" height=\"2292\" srcset=\"https:\/\/atcold.at\/talsperrensymposium-2024\/wp-content\/uploads\/2024\/05\/Stand-Uebersicht-1.png 3312w, https:\/\/atcold.at\/talsperrensymposium-2024\/wp-content\/uploads\/2024\/05\/Stand-Uebersicht-1-300x208.png 300w, https:\/\/atcold.at\/talsperrensymposium-2024\/wp-content\/uploads\/2024\/05\/Stand-Uebersicht-1-524x363.png 524w, https:\/\/atcold.at\/talsperrensymposium-2024\/wp-content\/uploads\/2024\/05\/Stand-Uebersicht-1-768x531.png 768w, https:\/\/atcold.at\/talsperrensymposium-2024\/wp-content\/uploads\/2024\/05\/Stand-Uebersicht-1-1536x1063.png 1536w, https:\/\/atcold.at\/talsperrensymposium-2024\/wp-content\/uploads\/2024\/05\/Stand-Uebersicht-1-2048x1417.png 2048w\" sizes=\"auto, (max-width: 706px) 89vw, (max-width: 767px) 82vw, 740px\" \/><\/a><\/p>\n<h2><span style=\"color: #81b3b2;\">AUSSTELLUNG IN 3D DARSTELLUNG<\/span><\/h2>\n<p><a href=\"https:\/\/atcold.at\/talsperrensymposium-2024\/wp-content\/uploads\/2024\/04\/ATCOLD_Ausstellung_Seite2-1.pdf\" target=\"_blank\" rel=\"noopener\"><img loading=\"lazy\" decoding=\"async\" class=\"aligncenter wp-image-1454 size-full\" src=\"https:\/\/atcold.at\/talsperrensymposium-2024\/wp-content\/uploads\/2024\/04\/ATCOLD_Ausstellung_3D-1.png\" alt=\"\" width=\"4960\" height=\"3496\" srcset=\"https:\/\/atcold.at\/talsperrensymposium-2024\/wp-content\/uploads\/2024\/04\/ATCOLD_Ausstellung_3D-1.png 4960w, https:\/\/atcold.at\/talsperrensymposium-2024\/wp-content\/uploads\/2024\/04\/ATCOLD_Ausstellung_3D-1-300x211.png 300w, https:\/\/atcold.at\/talsperrensymposium-2024\/wp-content\/uploads\/2024\/04\/ATCOLD_Ausstellung_3D-1-524x369.png 524w, https:\/\/atcold.at\/talsperrensymposium-2024\/wp-content\/uploads\/2024\/04\/ATCOLD_Ausstellung_3D-1-768x541.png 768w, https:\/\/atcold.at\/talsperrensymposium-2024\/wp-content\/uploads\/2024\/04\/ATCOLD_Ausstellung_3D-1-1536x1083.png 1536w, https:\/\/atcold.at\/talsperrensymposium-2024\/wp-content\/uploads\/2024\/04\/ATCOLD_Ausstellung_3D-1-2048x1444.png 2048w\" sizes=\"auto, (max-width: 706px) 89vw, (max-width: 767px) 82vw, 740px\" \/><\/a><\/p>\n<!-- <h2><span style=\"color: #81b3b2;\">STANDRESERVIERUNG<\/span><\/h2>\n[contact-form-7 id=\"661aa4f\" title=\"Kontaktformular Aussteller\"] -->\n\n\n<p><\/p>\n\n\n<h2><span style=\"color: #81b3b2;\">AUSSTELLER\u00dcBERSICHT<\/span><\/h2>\n<h3>Stand 04\u00a0 \u00a0 <a href=\"http:\/\/walo.ch\" target=\"_blank\" rel=\"noopener\"><img loading=\"lazy\" decoding=\"async\" class=\"wp-image-1381 alignright\" src=\"https:\/\/atcold.at\/talsperrensymposium-2024\/wp-content\/uploads\/2024\/04\/walo.svg\" alt=\"\" width=\"374\" height=\"150\" \/><\/a><\/h3>\n<h3>Stand 05\u00a0 \u00a0 <a href=\"https:\/\/www.gdp.at\/\" target=\"_blank\" rel=\"noopener\"><img loading=\"lazy\" decoding=\"async\" class=\"wp-image-1376 alignright\" src=\"https:\/\/atcold.at\/talsperrensymposium-2024\/wp-content\/uploads\/2024\/04\/GDP-ZT-GmbH.svg\" alt=\"\" width=\"374\" height=\"20\" \/><\/a><\/h3>\n<h3>Stand 06\u00a0 \u00a0 <a href=\"https:\/\/www.solexperts.com\" target=\"_blank\" rel=\"noopener\"><img loading=\"lazy\" decoding=\"async\" class=\"wp-image-1390 alignright\" src=\"https:\/\/atcold.at\/talsperrensymposium-2024\/wp-content\/uploads\/2024\/04\/solexperts-1.png\" alt=\"\" width=\"374\" height=\"98\" \/><\/a><\/h3>\n<h3>Stand 08\u00a0 \u00a0 <a href=\"https:\/\/tractebel-engie.de\" target=\"_blank\" rel=\"noopener\"><img loading=\"lazy\" decoding=\"async\" class=\"wp-image-1408 alignright\" src=\"https:\/\/atcold.at\/talsperrensymposium-2024\/wp-content\/uploads\/2024\/04\/ENGIE_tractebel_solid_BLUE_RGB.gif\" alt=\"\" width=\"374\" height=\"81\" \/><\/a><\/h3>\n<h3>Stand 09\u00a0 \u00a0<a href=\"https:\/\/www.renesco.com\/\" target=\"_blank\" rel=\"noopener\"><img loading=\"lazy\" decoding=\"async\" class=\"alignright wp-image-1460\" src=\"https:\/\/atcold.at\/talsperrensymposium-2024\/wp-content\/uploads\/2024\/05\/Renesco.jpg\" alt=\"\" width=\"374\" height=\"76\" srcset=\"https:\/\/atcold.at\/talsperrensymposium-2024\/wp-content\/uploads\/2024\/05\/Renesco.jpg 712w, https:\/\/atcold.at\/talsperrensymposium-2024\/wp-content\/uploads\/2024\/05\/Renesco-300x61.jpg 300w, https:\/\/atcold.at\/talsperrensymposium-2024\/wp-content\/uploads\/2024\/05\/Renesco-524x107.jpg 524w\" sizes=\"auto, (max-width: 374px) 100vw, 374px\" \/><\/a><\/h3>\n<h3>Stand 12 \u00a0 <a href=\"https:\/\/www.carpitech.com\/\" target=\"_blank\" rel=\"noopener\"><img loading=\"lazy\" decoding=\"async\" class=\"wp-image-1436 alignright\" src=\"https:\/\/atcold.at\/talsperrensymposium-2024\/wp-content\/uploads\/2024\/04\/carpi-logo-blu.png\" alt=\"\" width=\"374\" height=\"82\" srcset=\"https:\/\/atcold.at\/talsperrensymposium-2024\/wp-content\/uploads\/2024\/04\/carpi-logo-blu.png 401w, https:\/\/atcold.at\/talsperrensymposium-2024\/wp-content\/uploads\/2024\/04\/carpi-logo-blu-300x66.png 300w\" sizes=\"auto, (max-width: 374px) 100vw, 374px\" \/><\/a><\/h3>\n\n\n<p><\/p>\n","protected":false},"excerpt":{"rendered":"<p>AUSSTELLERINFORMATION Die begleitende Ausstellung findet vom 22. bis 23. Mai 2024 statt. Unternehmen haben hier die M\u00f6glichkeit, sich in der Ausstellung gezielt der Fachwelt zu pr\u00e4sentieren. So lassen sich unmittelbare Kontakte zwischen Ausstellern und Besuchern kn\u00fcpfen, neue Ideen entwickeln und direkt neue Kunden akquirieren. Um dieses Ziel zu erreichen, wurde der Catering Bereich bewusst in &hellip; <\/p>\n<p class=\"link-more\"><a href=\"https:\/\/atcold.at\/talsperrensymposium-2024\/technische-austellung\/\" class=\"more-link\"><span class=\"screen-reader-text\">\u201eTECHNISCHE AUSSTELLUNG\u201c<\/span> weiterlesen<\/a><\/p>\n","protected":false},"author":1,"featured_media":1204,"parent":0,"menu_order":0,"comment_status":"closed","ping_status":"closed","template":"","meta":{"footnotes":""},"class_list":["post-1170","page","type-page","status-publish","has-post-thumbnail","hentry"],"_links":{"self":[{"href":"https:\/\/atcold.at\/talsperrensymposium-2024\/wp-json\/wp\/v2\/pages\/1170","targetHints":{"allow":["GET"]}}],"collection":[{"href":"https:\/\/atcold.at\/talsperrensymposium-2024\/wp-json\/wp\/v2\/pages"}],"about":[{"href":"https:\/\/atcold.at\/talsperrensymposium-2024\/wp-json\/wp\/v2\/types\/page"}],"author":[{"embeddable":true,"href":"https:\/\/atcold.at\/talsperrensymposium-2024\/wp-json\/wp\/v2\/users\/1"}],"replies":[{"embeddable":true,"href":"https:\/\/atcold.at\/talsperrensymposium-2024\/wp-json\/wp\/v2\/comments?post=1170"}],"version-history":[{"count":70,"href":"https:\/\/atcold.at\/talsperrensymposium-2024\/wp-json\/wp\/v2\/pages\/1170\/revisions"}],"predecessor-version":[{"id":1467,"href":"https:\/\/atcold.at\/talsperrensymposium-2024\/wp-json\/wp\/v2\/pages\/1170\/revisions\/1467"}],"wp:featuredmedia":[{"embeddable":true,"href":"https:\/\/atcold.at\/talsperrensymposium-2024\/wp-json\/wp\/v2\/media\/1204"}],"wp:attachment":[{"href":"https:\/\/atcold.at\/talsperrensymposium-2024\/wp-json\/wp\/v2\/media?parent=1170"}],"curies":[{"name":"wp","href":"https:\/\/api.w.org\/{rel}","templated":true}]}}