{"id":9095,"date":"2019-11-04T14:12:06","date_gmt":"2019-11-04T13:12:06","guid":{"rendered":"https:\/\/atcold.at\/stipendium\/"},"modified":"2019-11-04T14:12:06","modified_gmt":"2019-11-04T13:12:06","slug":"stipendium","status":"publish","type":"page","link":"https:\/\/atcold.at\/en\/stipendium\/","title":{"rendered":"F\u00f6rderpreis"},"content":{"rendered":"\n<p>Das \u00d6sterreichische Nationalkomitee f\u00fcr Talsperren (ATCOLD) als Interessensvertreter aller mit Talsperren befassten Organisationen schreibt Preise zur F\u00f6rderung des einschl\u00e4gig t\u00e4tigen akademischen Nachwuchses aus.<\/p>\n\n\n\n<h2 class=\"wp-block-heading\">Was kann gef\u00f6rdert werden?<\/h2>\n\n\n\n<p>Herausragende wissenschaftliche und praxisorientierte Diplomarbeiten, Masterarbeiten sowie Dissertationen, die ab 2015 an bzw. in Zusammenarbeit mit \u00d6sterreichischen Universit\u00e4ten oder Fachhochschulen erstellt wurden, zu technischen, wirtschaftlichen und wasserwirtschaftlichen Themen im Bereich Stauanlagen, Speicher und Betriebseinrichtungen.<\/p>\n\n\n\n<div class=\"wp-block-columns has-2-columns accent is-layout-flex wp-container-core-columns-is-layout-9d6595d7 wp-block-columns-is-layout-flex\">\n<div class=\"wp-block-column is-layout-flow wp-block-column-is-layout-flow\">\n<h2 class=\"wp-block-heading\">Wer kann gef\u00f6rdert werden?<\/h2>\n\n\n\n<ul class=\"wp-block-list\"><li><strong>AbsolventInnen bzw. Studierende<\/strong><br>die ihre Diplomarbeit, Masterarbeit bzw. Dissertation in \u00d6sterreich erstellt haben.<\/li><li><strong>Organisationseinheiten<\/strong><br>welche die Verfassung von wissenschaftlichen Abschlussarbeiten unterst\u00fctzen. <\/li><\/ul>\n<\/div>\n\n\n\n<div class=\"wp-block-column is-layout-flow wp-block-column-is-layout-flow\">\n<h2 class=\"wp-block-heading\">F\u00f6rderumfang<\/h2>\n\n\n\n<ul class=\"wp-block-list\"><li><strong>Einzelarbeiten<\/strong><br>k\u00f6nnen im Rahmen von je \u20ac 500,\u2013 bis \u20ac 1.500,\u2013 gef\u00f6rdert werden.<\/li><li><strong>Organisationseinheiten<\/strong><br>Je Antrag k\u00f6nnte eine F\u00f6rderung im Umfang von etwa \u20ac 5000,&#8211;gew\u00e4hrt werden. <\/li><\/ul>\n<\/div>\n<\/div>\n\n\n\n<h2 class=\"wp-block-heading\">Umfang der Einreichung<\/h2>\n\n\n\n<ul class=\"wp-block-list\"><li>Die Arbeit im Volltext samt Kurzfassung <em>(digital, im pdf-Format)<\/em><\/li><li>Ausgef\u00fclltes Einreichformular<\/li><li>Beurteilung der Arbeit durch den Betreuer<\/li><\/ul>\n\n\n\n<h2 class=\"wp-block-heading\">Einreichungsfristen<\/h2>\n\n\n\n<p>F\u00fcr Einreichungen von AbsolventInnen bzw. Studierenden obig genannter Bildungsst\u00e4tten gibt es keine Einreichungsfrist.<\/p>\n\n\n\n<p>F\u00fcr Einreichungen von Organistionseinheiten gilt als Einreichschluss immer der Februar des jeweiligen Jahres.<\/p>\n\n\n\n<p>Die Beurteilung erfolgt durch den ATCOLD-Vorstand bzw. beigezogene Gutachter. Der Rechtsweg ist ausgeschlossen.<\/p>\n\n\n\n<h2 class=\"wp-block-heading\">\u00dcbergabe der Preise<\/h2>\n\n\n\n<p>Ist im Rahmen der einmal j\u00e4hrlich stattfindenden Generalversammlung vorgesehen. Die Arbeit soll auf der Homepage der ATCOLD ver\u00f6ffentlicht werden.<\/p>\n\n\n\n<div class=\"wp-block-buttons is-layout-flex wp-block-buttons-is-layout-flex\">\n<div class=\"wp-block-button\"><a class=\"wp-block-button__link\" href=\"https:\/\/atcold.at\/wp-content\/uploads\/2020\/05\/ANTRAG_auf_FOERDERPREIS-2.pdf\" target=\"_blank\" rel=\"noreferrer noopener\">Einreichungsformular f\u00fcr AbsolventInnen bzw. Studierende <\/a><\/div>\n\n\n\n<div class=\"wp-block-button\"><a class=\"wp-block-button__link\">Einreichungsformular f\u00fcr Organisationseinheiten<\/a><\/div>\n\n\n\n<div class=\"wp-block-button\"><a class=\"wp-block-button__link\" href=\"https:\/\/atcold.at\/wp-content\/uploads\/2020\/05\/ATCOLD_Foerderpreis-2.pdf\" target=\"_blank\" rel=\"noreferrer noopener\">Informationsflyer F\u00f6rderpreis<\/a><\/div>\n\n\n\n<div class=\"wp-block-button\"><a class=\"wp-block-button__link\" href=\"https:\/\/atcold.at\/impressum-datenschutz\/\">Datenschutzerkl\u00e4rung<\/a><\/div>\n<\/div>\n\n\n\n<h2 class=\"wp-block-heading\">Haben Sie noch Fragen?<\/h2>\n\n\n\n<div class=\"wp-block-button\"><a class=\"wp-block-button__link\" href=\"https:\/\/atcold.at\/kontakt\/\">Kontakt<\/a><\/div>\n","protected":false},"excerpt":{"rendered":"<p>Das \u00d6sterreichische Nationalkomitee f\u00fcr Talsperren (ATCOLD) als Interessensvertreter aller mit Talsperren befassten Organisationen schreibt Preise zur F\u00f6rderung des einschl\u00e4gig t\u00e4tigen akademischen Nachwuchses aus. Was kann gef\u00f6rdert werden? Herausragende wissenschaftliche und praxisorientierte Diplomarbeiten, Masterarbeiten sowie Dissertationen, die ab 2015 an bzw. in Zusammenarbeit mit \u00d6sterreichischen Universit\u00e4ten oder Fachhochschulen erstellt wurden, zu technischen, wirtschaftlichen und wasserwirtschaftlichen Themen [&hellip;]<\/p>\n","protected":false},"author":1,"featured_media":0,"parent":0,"menu_order":11,"comment_status":"closed","ping_status":"closed","template":"","meta":{"_acf_changed":false,"footnotes":""},"class_list":["post-9095","page","type-page","status-publish","hentry"],"acf":[],"_links":{"self":[{"href":"https:\/\/atcold.at\/en\/wp-json\/wp\/v2\/pages\/9095","targetHints":{"allow":["GET"]}}],"collection":[{"href":"https:\/\/atcold.at\/en\/wp-json\/wp\/v2\/pages"}],"about":[{"href":"https:\/\/atcold.at\/en\/wp-json\/wp\/v2\/types\/page"}],"author":[{"embeddable":true,"href":"https:\/\/atcold.at\/en\/wp-json\/wp\/v2\/users\/1"}],"replies":[{"embeddable":true,"href":"https:\/\/atcold.at\/en\/wp-json\/wp\/v2\/comments?post=9095"}],"version-history":[{"count":0,"href":"https:\/\/atcold.at\/en\/wp-json\/wp\/v2\/pages\/9095\/revisions"}],"wp:attachment":[{"href":"https:\/\/atcold.at\/en\/wp-json\/wp\/v2\/media?parent=9095"}],"curies":[{"name":"wp","href":"https:\/\/api.w.org\/{rel}","templated":true}]}}