{"id":9094,"date":"2019-11-04T14:12:06","date_gmt":"2019-11-04T13:12:06","guid":{"rendered":"https:\/\/atcold.at\/mitgliedschaft\/"},"modified":"2019-11-04T14:12:06","modified_gmt":"2019-11-04T13:12:06","slug":"mitgliedschaft","status":"publish","type":"page","link":"https:\/\/atcold.at\/en\/mitgliedschaft\/","title":{"rendered":"Mitgliedschaft"},"content":{"rendered":"\n<p>Der Nutzen von Talsperren und Speichern ist in \u00d6sterreich auf vielen Gebieten nachgewiesen, vor allem in den Bereichen Hydraulische Energienutzung (Wasserkraft) Hochwasserschutz (Hochwasserr\u00fcckhalt), Tourismus und Freizeit (Schneeerzeugung)<\/p>\n\n\n\n<h2 class=\"wp-block-heading\">Wozu ATCOLD<\/h2>\n\n\n\n<p>Das \u00d6sterreichische Nationalkomitee f\u00fcr Talsperren tr\u00e4gt dazu bei, das f\u00fcr den Entwurf, den Bau, die \u00dcberwachung und die Instandhaltung dieser Bauwerke erforderliche Spezialwissen zu verbreiten und zu vertiefen :<\/p>\n\n\n\n<ul class=\"wp-block-list\"><li>durch\nF\u00f6rderung des fachlichen Austausches in \u00d6sterreich, insbesondere durch\nArbeitskreise und Schulungs-\/Trainingsveranstaltungen, und<\/li><li>durch\nTeilnahme am weltweiten Erfahrungsaustausch, vor allem im Rahmen der\nInternationalen Talsperrenkommission ICOLD (derzeit \u00fcber 100 Mitgliedsl\u00e4nder)<\/li><\/ul>\n\n\n\n<div class=\"wp-block-columns accent is-layout-flex wp-container-core-columns-is-layout-9d6595d7 wp-block-columns-is-layout-flex\">\n<div class=\"wp-block-column is-layout-flow wp-block-column-is-layout-flow\">\n<h2 class=\"wp-block-heading\">Vorteile unserer Mitglieder<\/h2>\n\n\n\n<ul class=\"wp-block-list\"><li> <strong>Verg\u00fcnstigte Teilnahme<\/strong> an ATCOLD Veranstaltungen <\/li><li> <strong>Zugriff auf Fachliteratur<\/strong> Talsperren<\/li><li><strong>Information<\/strong> zu Fachveranstaltungen und Fortbildungsprogrammen (via E-Mail und\/oder Newsletter)<\/li><\/ul>\n\n\n\n<div class=\"wp-block-button\"><a class=\"wp-block-button__link\" href=\"https:\/\/atcold.at\/kontakt\/\">Mitglied werden<\/a><\/div>\n<\/div>\n\n\n\n<div class=\"wp-block-column is-layout-flow wp-block-column-is-layout-flow\">\n<h2 class=\"wp-block-heading\">Mitgliedsbeitr\u00e4ge<\/h2>\n\n\n\n<ul class=\"wp-block-list\"><li> <strong>21 \u20ac \/ Jahr<\/strong> <br>Einzelpersonen,  YEF-Mitglieder  (erstes Jahr frei) <\/li><li> <strong>90 \u20ac \/ Jahr<\/strong> <br>Kleine Ingenieurb\u00fcros<\/li><li> <strong>210 \u20ac \/ Jahr<\/strong> <br>Gro\u00dfe Ingenieurb\u00fcros, Beh\u00f6rden, Universit\u00e4tsinstitute<\/li><li> <strong>394 \u20ac \/ Jahr<\/strong> <br>Baufirmen, Ausr\u00fcster<br><\/li><\/ul>\n\n\n\n<p><\/p>\n<\/div>\n<\/div>\n\n\n\n<p>Das internationale Engagement bietet den\nFachleuten unseres Landes die M\u00f6glichkeit, die eigene Sichtweise kritisch zu\n\u00fcberpr\u00fcfen, zu erweitern und f\u00fcr die eigene Arbeit zu nutzen.&nbsp; Es ist aber auch ein Akt der Solidarit\u00e4t \u2013 im\nSinne des Teilens von Ressourcen &#8211; und dar\u00fcber hinaus geeignet, den\nausgezeichneten Ruf \u00d6sterreichs als Talsperrenland zu festigen.<\/p>\n\n\n\n<p>Der Austausch in \u00d6sterreich tr\u00e4gt ma\u00dfgeblich zur Entwicklung gemeinsamer Sichtweisen auf Gebieten bei, die f\u00fcr die Sicherheit (\u00f6ffentliches Interesse) und Wirtschaftlichkeit der Talsperren von entscheidender Bedeutung sind: Entwurf, \u00dcberwachung, Instandhaltung und Nachr\u00fcstung (Anpassung an den Stand der Technik). <br><\/p>\n\n\n\n<div class=\"wp-block-group alignfull\"><div class=\"wp-block-group__inner-container is-layout-flow wp-block-group-is-layout-flow\">\n<div class=\"wp-block-buttons is-layout-flex wp-block-buttons-is-layout-flex\">\n<div class=\"wp-block-button\"><a class=\"wp-block-button__link\" href=\"https:\/\/atcold.at\/wp-content\/uploads\/2020\/05\/ANTRAG_auf_MITGLIEDSCHAFT-5.pdf\" target=\"_blank\" rel=\"noreferrer noopener\">Mitgliedschaftsformular<\/a><\/div>\n\n\n\n<div class=\"wp-block-button\"><a class=\"wp-block-button__link\" href=\"https:\/\/atcold.at\/wp-content\/uploads\/2020\/05\/STATUTEN.pdf\" target=\"_blank\" rel=\"noreferrer noopener\">Statuten<\/a><\/div>\n\n\n\n<div class=\"wp-block-button\"><a class=\"wp-block-button__link\" href=\"https:\/\/atcold.at\/impressum-datenschutz\/\">Datenschutzerkl\u00e4rung<\/a><\/div>\n<\/div>\n<\/div><\/div>\n\n\n\n<p><\/p>\n","protected":false},"excerpt":{"rendered":"<p>Der Nutzen von Talsperren und Speichern ist in \u00d6sterreich auf vielen Gebieten nachgewiesen, vor allem in den Bereichen Hydraulische Energienutzung (Wasserkraft) Hochwasserschutz (Hochwasserr\u00fcckhalt), Tourismus und Freizeit (Schneeerzeugung) Wozu ATCOLD Das \u00d6sterreichische Nationalkomitee f\u00fcr Talsperren tr\u00e4gt dazu bei, das f\u00fcr den Entwurf, den Bau, die \u00dcberwachung und die Instandhaltung dieser Bauwerke erforderliche Spezialwissen zu verbreiten und [&hellip;]<\/p>\n","protected":false},"author":1,"featured_media":0,"parent":0,"menu_order":10,"comment_status":"closed","ping_status":"closed","template":"","meta":{"_acf_changed":false,"footnotes":""},"class_list":["post-9094","page","type-page","status-publish","hentry"],"acf":[],"_links":{"self":[{"href":"https:\/\/atcold.at\/en\/wp-json\/wp\/v2\/pages\/9094","targetHints":{"allow":["GET"]}}],"collection":[{"href":"https:\/\/atcold.at\/en\/wp-json\/wp\/v2\/pages"}],"about":[{"href":"https:\/\/atcold.at\/en\/wp-json\/wp\/v2\/types\/page"}],"author":[{"embeddable":true,"href":"https:\/\/atcold.at\/en\/wp-json\/wp\/v2\/users\/1"}],"replies":[{"embeddable":true,"href":"https:\/\/atcold.at\/en\/wp-json\/wp\/v2\/comments?post=9094"}],"version-history":[{"count":0,"href":"https:\/\/atcold.at\/en\/wp-json\/wp\/v2\/pages\/9094\/revisions"}],"wp:attachment":[{"href":"https:\/\/atcold.at\/en\/wp-json\/wp\/v2\/media?parent=9094"}],"curies":[{"name":"wp","href":"https:\/\/api.w.org\/{rel}","templated":true}]}}